{"id":1897,"date":"2023-02-06T20:00:05","date_gmt":"2023-02-06T19:00:05","guid":{"rendered":"https:\/\/www.ident-clinic.be\/private-life\/"},"modified":"2023-03-02T00:47:21","modified_gmt":"2023-03-01T23:47:21","slug":"private-life","status":"publish","type":"page","link":"https:\/\/www.ident-clinic.be\/en\/private-life\/","title":{"rendered":"Private life"},"content":{"rendered":"<div class=\"fusion-fullwidth fullwidth-box fusion-builder-row-1 fusion-flex-container nonhundred-percent-fullwidth non-hundred-percent-height-scrolling\" style=\"--awb-border-radius-top-left:0px;--awb-border-radius-top-right:0px;--awb-border-radius-bottom-right:0px;--awb-border-radius-bottom-left:0px;--awb-flex-wrap:wrap;\" ><div class=\"fusion-builder-row fusion-row fusion-flex-align-items-flex-start fusion-flex-content-wrap\" style=\"max-width:1216.8px;margin-left: calc(-4% \/ 2 );margin-right: calc(-4% \/ 2 );\"><div class=\"fusion-layout-column fusion_builder_column fusion-builder-column-0 fusion_builder_column_1_1 1_1 fusion-flex-column\" style=\"--awb-bg-blend:overlay;--awb-bg-size:cover;--awb-width-large:100%;--awb-margin-top-large:0px;--awb-spacing-right-large:1.92%;--awb-margin-bottom-large:0px;--awb-spacing-left-large:1.92%;--awb-width-medium:100%;--awb-spacing-right-medium:1.92%;--awb-spacing-left-medium:1.92%;--awb-width-small:100%;--awb-spacing-right-small:1.92%;--awb-spacing-left-small:1.92%;\"><div class=\"fusion-column-wrapper fusion-flex-justify-content-flex-start fusion-content-layout-column\"><div class=\"fusion-text fusion-text-1\"><p>\n&#13;<\/p>\n<p>iDent clinic respecte votre vie priv\u00e9e et met donc tout en oeuvre pour prot\u00e9ger vos droits en la mati\u00e8re dans le cadre de votre utilisation de notre Site Web.<\/p>\n<p>&#13;<\/p>\n<p>Vous avez la possibilit\u00e9 de naviguer au sein de notre Site Web sans avoir \u00e0 fournir de donn\u00e9es \u00e0 caract\u00e8re personnel. Cependant, afin de pouvoir vous permettre d\u2019utiliser certains de nos services, iDent clinic devra disposer de certaines de vos donn\u00e9es personnelles. Si vous d\u00e9sirez \u00eatre tenu au courant de nos activit\u00e9s ou celles d\u2019autres rubriques propos\u00e9es par notre Site Web, il vous sera n\u00e9cessaire de nous transmettre certaines donn\u00e9es indispensables. Elles vous sont indiqu\u00e9es clairement dans les interfaces d\u2019enregistrement respectives.<\/p>\n<p>&#13;<\/p>\n<p>iDent clinic utilisera les donn\u00e9es que vous avez transmises uniquement dans le cadre de notre Site Web ainsi que pour vous tenir au courant de ses activit\u00e9s et \u00e9ventuellement \u00e0 d\u2019autres fins de direct marketing et statistiques. Elles ne seront transmises \u00e0 aucune tierce partie.<\/p>\n<p>&#13;<\/p>\n<p>Vous disposez \u00e0 tout moment d\u2019un droit d\u2019acc\u00e8s, de contr\u00f4le et de rectification des donn\u00e9es vous concernant, par le biais de l\u2019interface de gestion en ligne accessible depuis le lien \u00ab\u00a0Profil utilisateur\u00a0\u00bb pr\u00e9sent au bas de chaque newsletter vous ayant \u00e9t\u00e9 envoy\u00e9e par iDent clinic ou sur simple demande \u00e9crite envoy\u00e9e \u00e0 l\u2019adresse de iDent clinic mentionn\u00e9e ci-dessous.<\/p>\n<p>&#13;<\/p>\n<p>Si vous ne souhaitez plus recevoir ces informations, il vous suffit de vous r\u00e9silier en cliquant sur le lien \u00ab\u00a0Annulation\u00a0\u00bb pr\u00e9sent au bas de chaque newsletter que vous recevez de iDent clinic ou de nous en informer par simple message e-mail ou via tout autre moyen de communication usuel.<\/p>\n<p>&#13;<\/p>\n<p>Durant votre visite de notre Site Web, nous pouvons enregistrer des donn\u00e9es sur votre ordinateur sous la forme d\u2019un Cookie. Ces informations nous permettent de mieux calibrer nos services suivant vos pr\u00e9f\u00e9rences et de faciliter vos visites ult\u00e9rieures sur notre Site Web. La plupart des navigateurs Internet vous permettent d\u2019effacer les Cookies \u00e9ventuels de votre disque dur, de les bloquer, ou de vous informer de leur pr\u00e9sence, avant qu\u2019ils soient enregistr\u00e9s de mani\u00e8re d\u00e9finitive. Vous pouvez obtenir de plus amples informations sur ces fonctions par le biais des sections d\u2019aide de vos navigateurs. Il ne vous est pas possible de refuser l\u2019installation d\u2019un Cookie. En continuant \u00e0 naviguer sur le site internet de iDent clinic vous acceptez donc l\u2019installation de Cookies. Ainsi, nous pouvons garantir la totale fonctionnalit\u00e9 de nos services en ligne.<\/p>\n<p>&#13;<\/p>\n<p>Vous pouvez nous contacter par e-mail \u00e0 l\u2019adresse info@ident-clinic.be ou par courrier postal \u00e0 l\u2019adresse iDent clinic, Avenue des gloires nationales 65-66, 1083 Bruxelles.<\/p>\n<p>&#13;<\/p>\n<\/div><\/div><\/div><\/div><\/div>\n","protected":false},"excerpt":{"rendered":"","protected":false},"author":1,"featured_media":0,"parent":0,"menu_order":0,"comment_status":"closed","ping_status":"open","template":"","meta":{"footnotes":""},"class_list":["post-1897","page","type-page","status-publish","hentry"],"yoast_head":"<!-- This site is optimized with the Yoast SEO plugin v27.2 - https:\/\/yoast.com\/product\/yoast-seo-wordpress\/ -->\n<title>Private life - iDent clinic<\/title>\n<meta name=\"robots\" content=\"index, follow, max-snippet:-1, max-image-preview:large, max-video-preview:-1\" \/>\n<link rel=\"canonical\" href=\"https:\/\/www.ident-clinic.be\/en\/private-life\/\" \/>\n<meta property=\"og:locale\" content=\"en_GB\" \/>\n<meta property=\"og:type\" content=\"article\" \/>\n<meta property=\"og:title\" content=\"Private life - iDent clinic\" \/>\n<meta property=\"og:url\" content=\"https:\/\/www.ident-clinic.be\/en\/private-life\/\" \/>\n<meta property=\"og:site_name\" content=\"iDent clinic\" \/>\n<meta property=\"article:modified_time\" content=\"2023-03-01T23:47:21+00:00\" \/>\n<meta name=\"twitter:card\" content=\"summary_large_image\" \/>\n<meta name=\"twitter:label1\" content=\"Estimated reading time\" \/>\n\t<meta name=\"twitter:data1\" content=\"3 minutes\" \/>\n<script type=\"application\/ld+json\" class=\"yoast-schema-graph\">{\"@context\":\"https:\/\/schema.org\",\"@graph\":[{\"@type\":\"WebPage\",\"@id\":\"https:\/\/www.ident-clinic.be\/en\/private-life\/\",\"url\":\"https:\/\/www.ident-clinic.be\/en\/private-life\/\",\"name\":\"Private life - iDent clinic\",\"isPartOf\":{\"@id\":\"https:\/\/www.ident-clinic.be\/en\/#website\"},\"datePublished\":\"2023-02-06T19:00:05+00:00\",\"dateModified\":\"2023-03-01T23:47:21+00:00\",\"breadcrumb\":{\"@id\":\"https:\/\/www.ident-clinic.be\/en\/private-life\/#breadcrumb\"},\"inLanguage\":\"en-GB\",\"potentialAction\":[{\"@type\":\"ReadAction\",\"target\":[\"https:\/\/www.ident-clinic.be\/en\/private-life\/\"]}]},{\"@type\":\"BreadcrumbList\",\"@id\":\"https:\/\/www.ident-clinic.be\/en\/private-life\/#breadcrumb\",\"itemListElement\":[{\"@type\":\"ListItem\",\"position\":1,\"name\":\"Accueil\",\"item\":\"https:\/\/www.ident-clinic.be\/en\/\"},{\"@type\":\"ListItem\",\"position\":2,\"name\":\"Private life\"}]},{\"@type\":\"WebSite\",\"@id\":\"https:\/\/www.ident-clinic.be\/en\/#website\",\"url\":\"https:\/\/www.ident-clinic.be\/en\/\",\"name\":\"iDent clinic\",\"description\":\"Visez l&#039;Excellence\",\"potentialAction\":[{\"@type\":\"SearchAction\",\"target\":{\"@type\":\"EntryPoint\",\"urlTemplate\":\"https:\/\/www.ident-clinic.be\/en\/?s={search_term_string}\"},\"query-input\":{\"@type\":\"PropertyValueSpecification\",\"valueRequired\":true,\"valueName\":\"search_term_string\"}}],\"inLanguage\":\"en-GB\"}]}<\/script>\n<!-- \/ Yoast SEO plugin. -->","yoast_head_json":{"title":"Private life - iDent clinic","robots":{"index":"index","follow":"follow","max-snippet":"max-snippet:-1","max-image-preview":"max-image-preview:large","max-video-preview":"max-video-preview:-1"},"canonical":"https:\/\/www.ident-clinic.be\/en\/private-life\/","og_locale":"en_GB","og_type":"article","og_title":"Private life - iDent clinic","og_url":"https:\/\/www.ident-clinic.be\/en\/private-life\/","og_site_name":"iDent clinic","article_modified_time":"2023-03-01T23:47:21+00:00","twitter_card":"summary_large_image","twitter_misc":{"Estimated reading time":"3 minutes"},"schema":{"@context":"https:\/\/schema.org","@graph":[{"@type":"WebPage","@id":"https:\/\/www.ident-clinic.be\/en\/private-life\/","url":"https:\/\/www.ident-clinic.be\/en\/private-life\/","name":"Private life - iDent clinic","isPartOf":{"@id":"https:\/\/www.ident-clinic.be\/en\/#website"},"datePublished":"2023-02-06T19:00:05+00:00","dateModified":"2023-03-01T23:47:21+00:00","breadcrumb":{"@id":"https:\/\/www.ident-clinic.be\/en\/private-life\/#breadcrumb"},"inLanguage":"en-GB","potentialAction":[{"@type":"ReadAction","target":["https:\/\/www.ident-clinic.be\/en\/private-life\/"]}]},{"@type":"BreadcrumbList","@id":"https:\/\/www.ident-clinic.be\/en\/private-life\/#breadcrumb","itemListElement":[{"@type":"ListItem","position":1,"name":"Accueil","item":"https:\/\/www.ident-clinic.be\/en\/"},{"@type":"ListItem","position":2,"name":"Private life"}]},{"@type":"WebSite","@id":"https:\/\/www.ident-clinic.be\/en\/#website","url":"https:\/\/www.ident-clinic.be\/en\/","name":"iDent clinic","description":"Visez l&#039;Excellence","potentialAction":[{"@type":"SearchAction","target":{"@type":"EntryPoint","urlTemplate":"https:\/\/www.ident-clinic.be\/en\/?s={search_term_string}"},"query-input":{"@type":"PropertyValueSpecification","valueRequired":true,"valueName":"search_term_string"}}],"inLanguage":"en-GB"}]}},"_links":{"self":[{"href":"https:\/\/www.ident-clinic.be\/en\/wp-json\/wp\/v2\/pages\/1897","targetHints":{"allow":["GET"]}}],"collection":[{"href":"https:\/\/www.ident-clinic.be\/en\/wp-json\/wp\/v2\/pages"}],"about":[{"href":"https:\/\/www.ident-clinic.be\/en\/wp-json\/wp\/v2\/types\/page"}],"author":[{"embeddable":true,"href":"https:\/\/www.ident-clinic.be\/en\/wp-json\/wp\/v2\/users\/1"}],"replies":[{"embeddable":true,"href":"https:\/\/www.ident-clinic.be\/en\/wp-json\/wp\/v2\/comments?post=1897"}],"version-history":[{"count":0,"href":"https:\/\/www.ident-clinic.be\/en\/wp-json\/wp\/v2\/pages\/1897\/revisions"}],"wp:attachment":[{"href":"https:\/\/www.ident-clinic.be\/en\/wp-json\/wp\/v2\/media?parent=1897"}],"curies":[{"name":"wp","href":"https:\/\/api.w.org\/{rel}","templated":true}]}}